{"id":3269,"date":"2019-06-15T07:54:01","date_gmt":"2019-06-15T07:54:01","guid":{"rendered":"https:\/\/milanoluisshub.it\/chi-siamo\/"},"modified":"2019-06-15T07:54:01","modified_gmt":"2019-06-15T07:54:01","slug":"chi-siamo","status":"publish","type":"page","link":"https:\/\/milanoluisshub.it\/en\/chi-siamo\/","title":{"rendered":"Chi siamo"},"content":{"rendered":"<p><strong>Il Milano Luiss Hub for makers and students \u00e8 un&#8217;agor\u00e0 multidisciplinare dell\u2019economia della conoscenza dedicata all\u2019apprendimento<\/strong>, condivisione e integrazione di competenze imprenditoriali tradizionali e innovative. L\u2019obiettivo \u00e8 accrescere il potenziale creativo dei territori per uno sviluppo pi\u00f9 equo e inclusivo della societ\u00e0 e dell\u2019economia.<\/p>\n<p>Milano Luiss Hub \u00e8 un progetto di rigenerazione urbana nato nel cuore della citt\u00e0 e gestito da un partenariato pubblico-privato \u2013 <a href=\"https:\/\/www.comune.milano.it\/\"><strong>Comune di Milano<\/strong><\/a>,  <a href=\"https:\/\/www.luiss.it\/\"><strong>Luiss<\/strong><\/a>,  <a href=\"https:\/\/www.fondazionebrodolini.it\/\"><strong>Fondazione Brodolini<\/strong><\/a>,  <a href=\"https:\/\/italiacamp.com\/it\/\"><strong>Italiacamp<\/strong><\/a> \u2013 la cui mission \u00e8 creare opportunit\u00e0 di ricerca, apprendimento, scambio e sperimentazione di idee e azioni per lo sviluppo dell\u2019industria creativa e della manifattura digitale, anche grazie all\u2019applicazione di tecnologie digitali.<\/p>\n<p>Il centro \u00e8 al servizio della community milanese: \u00e8 un luogo che accoglie makers, artisti, artigiani, ricercatori, designer, studenti, professionisti e startup che vogliono esplorare e sperimentare nuovi scenari per lo sviluppo di economie e comunit\u00e0 locali. Il Milano Luiss Hub organizza e ospita attivit\u00e0 di formazione che incoraggiano la connessione tra il centro e i margini della citt\u00e0 grazie alla contaminazione di esperienze e alla sperimentazione di processi di innovazione sociale.<\/p>\n<p><strong>Il Milano Luiss Hub lavora in maniera partecipativa coinvolgendo istituzioni, imprese e cittadini<\/strong> nella definizione delle attivit\u00e0 per dare risposte ai bisogni emergenti dell\u2019ecosistema sociale ed economico della citt\u00e0 di Milano e introdurre stimoli per un cambiamento sistemico della citt\u00e0.<\/p>\n<p>Gli spazi ospitano attivit\u00e0 di <a href=\"https:\/\/milanoluisshub.it\/en\/attivita\/education-center\/\"><strong>alternanza scuola-lavoro<\/strong><\/a>,<a href=\"https:\/\/milanoluisshub.it\/en\/eventi\/\"><strong>eventi aperti alla comunit\u00e0<\/strong><\/a> dedicati all\u2019impatto delle nuove tecnologie sul mondo del lavoro, <a href=\"https:\/\/milanoluisshub.it\/en\/attivita\/metafablab\/\"><strong>programmi dedicati<\/strong><\/a> alle community di makers e alle startup, di produzione artistica e culturale e di design e progettazione urbana partecipata.<\/p>\n","protected":false},"excerpt":{"rendered":"<p>Il Milano Luiss Hub for makers and students \u00e8 un&#8217;agor\u00e0 multidisciplinare dell\u2019economia della conoscenza dedicata all\u2019apprendimento, condivisione e integrazione di competenze imprenditoriali tradizionali e innovative. L\u2019obiettivo \u00e8 accrescere il potenziale creativo dei territori per uno sviluppo pi\u00f9 equo e inclusivo della societ\u00e0 e dell\u2019economia. Milano Luiss Hub \u00e8 un progetto di rigenerazione urbana nato nel [&hellip;]<\/p>\n","protected":false},"author":5,"featured_media":3005,"parent":0,"menu_order":0,"comment_status":"closed","ping_status":"closed","template":"","meta":{"_acf_changed":false,"inline_featured_image":false,"footnotes":""},"class_list":["post-3269","page","type-page","status-publish","has-post-thumbnail","hentry"],"acf":[],"mb":[],"yoast_head":"<!-- This site is optimized with the Yoast SEO plugin v25.9 - https:\/\/yoast.com\/wordpress\/plugins\/seo\/ -->\n<title>Chi siamo - Milano Luiss Hub for makers and students<\/title>\n<meta name=\"description\" content=\"Il Milano Luiss Hub for makers and students \u00e8 un&#039;agor\u00e0 multidisciplinare dell\u2019economia della conoscenza dedicata all\u2019apprendimento.\" \/>\n<meta name=\"robots\" content=\"index, follow, max-snippet:-1, max-image-preview:large, max-video-preview:-1\" \/>\n<link rel=\"canonical\" href=\"https:\/\/milanoluisshub.it\/en\/chi-siamo\/\" \/>\n<meta property=\"og:locale\" content=\"en_US\" \/>\n<meta property=\"og:type\" content=\"article\" \/>\n<meta property=\"og:title\" content=\"Chi siamo - Milano Luiss Hub for makers and students\" \/>\n<meta property=\"og:description\" content=\"Il Milano Luiss Hub for makers and students \u00e8 un&#039;agor\u00e0 multidisciplinare dell\u2019economia della conoscenza dedicata all\u2019apprendimento.\" \/>\n<meta property=\"og:url\" content=\"https:\/\/milanoluisshub.it\/en\/chi-siamo\/\" \/>\n<meta property=\"og:site_name\" content=\"Milano Luiss Hub\" \/>\n<meta property=\"og:image\" content=\"https:\/\/milanoluisshub.it\/wp-content\/uploads\/2019\/06\/27148952677_841f76550a_o.jpg\" \/>\n\t<meta property=\"og:image:width\" content=\"2048\" \/>\n\t<meta property=\"og:image:height\" content=\"1365\" \/>\n\t<meta property=\"og:image:type\" content=\"image\/jpeg\" \/>\n<meta name=\"twitter:card\" content=\"summary_large_image\" \/>\n<meta name=\"twitter:label1\" content=\"Est. reading time\" \/>\n\t<meta name=\"twitter:data1\" content=\"1 minute\" \/>\n<script type=\"application\/ld+json\" class=\"yoast-schema-graph\">{\"@context\":\"https:\/\/schema.org\",\"@graph\":[{\"@type\":\"WebPage\",\"@id\":\"https:\/\/milanoluisshub.it\/en\/chi-siamo\/\",\"url\":\"https:\/\/milanoluisshub.it\/en\/chi-siamo\/\",\"name\":\"Chi siamo - Milano Luiss Hub for makers and students\",\"isPartOf\":{\"@id\":\"https:\/\/milanoluisshub.it\/en\/#website\"},\"primaryImageOfPage\":{\"@id\":\"https:\/\/milanoluisshub.it\/en\/chi-siamo\/#primaryimage\"},\"image\":{\"@id\":\"https:\/\/milanoluisshub.it\/en\/chi-siamo\/#primaryimage\"},\"thumbnailUrl\":\"https:\/\/milanoluisshub.it\/wp-content\/uploads\/2019\/06\/27148952677_841f76550a_o.jpg\",\"datePublished\":\"2019-06-15T07:54:01+00:00\",\"description\":\"Il Milano Luiss Hub for makers and students \u00e8 un'agor\u00e0 multidisciplinare dell\u2019economia della conoscenza dedicata all\u2019apprendimento.\",\"breadcrumb\":{\"@id\":\"https:\/\/milanoluisshub.it\/en\/chi-siamo\/#breadcrumb\"},\"inLanguage\":\"en-US\",\"potentialAction\":[{\"@type\":\"ReadAction\",\"target\":[\"https:\/\/milanoluisshub.it\/en\/chi-siamo\/\"]}]},{\"@type\":\"ImageObject\",\"inLanguage\":\"en-US\",\"@id\":\"https:\/\/milanoluisshub.it\/en\/chi-siamo\/#primaryimage\",\"url\":\"https:\/\/milanoluisshub.it\/wp-content\/uploads\/2019\/06\/27148952677_841f76550a_o.jpg\",\"contentUrl\":\"https:\/\/milanoluisshub.it\/wp-content\/uploads\/2019\/06\/27148952677_841f76550a_o.jpg\",\"width\":2048,\"height\":1365},{\"@type\":\"BreadcrumbList\",\"@id\":\"https:\/\/milanoluisshub.it\/en\/chi-siamo\/#breadcrumb\",\"itemListElement\":[{\"@type\":\"ListItem\",\"position\":1,\"name\":\"Home\",\"item\":\"https:\/\/milanoluisshub.it\/en\/\"},{\"@type\":\"ListItem\",\"position\":2,\"name\":\"Chi siamo\"}]},{\"@type\":\"WebSite\",\"@id\":\"https:\/\/milanoluisshub.it\/en\/#website\",\"url\":\"https:\/\/milanoluisshub.it\/en\/\",\"name\":\"Milano Luiss Hub\",\"description\":\"Milano Luiss Hub\",\"potentialAction\":[{\"@type\":\"SearchAction\",\"target\":{\"@type\":\"EntryPoint\",\"urlTemplate\":\"https:\/\/milanoluisshub.it\/en\/?s={search_term_string}\"},\"query-input\":{\"@type\":\"PropertyValueSpecification\",\"valueRequired\":true,\"valueName\":\"search_term_string\"}}],\"inLanguage\":\"en-US\"}]}<\/script>\n<!-- \/ Yoast SEO plugin. -->","yoast_head_json":{"title":"Chi siamo - Milano Luiss Hub for makers and students","description":"Il Milano Luiss Hub for makers and students \u00e8 un'agor\u00e0 multidisciplinare dell\u2019economia della conoscenza dedicata all\u2019apprendimento.","robots":{"index":"index","follow":"follow","max-snippet":"max-snippet:-1","max-image-preview":"max-image-preview:large","max-video-preview":"max-video-preview:-1"},"canonical":"https:\/\/milanoluisshub.it\/en\/chi-siamo\/","og_locale":"en_US","og_type":"article","og_title":"Chi siamo - Milano Luiss Hub for makers and students","og_description":"Il Milano Luiss Hub for makers and students \u00e8 un'agor\u00e0 multidisciplinare dell\u2019economia della conoscenza dedicata all\u2019apprendimento.","og_url":"https:\/\/milanoluisshub.it\/en\/chi-siamo\/","og_site_name":"Milano Luiss Hub","og_image":[{"width":2048,"height":1365,"url":"https:\/\/milanoluisshub.it\/wp-content\/uploads\/2019\/06\/27148952677_841f76550a_o.jpg","type":"image\/jpeg"}],"twitter_card":"summary_large_image","twitter_misc":{"Est. reading time":"1 minute"},"schema":{"@context":"https:\/\/schema.org","@graph":[{"@type":"WebPage","@id":"https:\/\/milanoluisshub.it\/en\/chi-siamo\/","url":"https:\/\/milanoluisshub.it\/en\/chi-siamo\/","name":"Chi siamo - Milano Luiss Hub for makers and students","isPartOf":{"@id":"https:\/\/milanoluisshub.it\/en\/#website"},"primaryImageOfPage":{"@id":"https:\/\/milanoluisshub.it\/en\/chi-siamo\/#primaryimage"},"image":{"@id":"https:\/\/milanoluisshub.it\/en\/chi-siamo\/#primaryimage"},"thumbnailUrl":"https:\/\/milanoluisshub.it\/wp-content\/uploads\/2019\/06\/27148952677_841f76550a_o.jpg","datePublished":"2019-06-15T07:54:01+00:00","description":"Il Milano Luiss Hub for makers and students \u00e8 un'agor\u00e0 multidisciplinare dell\u2019economia della conoscenza dedicata all\u2019apprendimento.","breadcrumb":{"@id":"https:\/\/milanoluisshub.it\/en\/chi-siamo\/#breadcrumb"},"inLanguage":"en-US","potentialAction":[{"@type":"ReadAction","target":["https:\/\/milanoluisshub.it\/en\/chi-siamo\/"]}]},{"@type":"ImageObject","inLanguage":"en-US","@id":"https:\/\/milanoluisshub.it\/en\/chi-siamo\/#primaryimage","url":"https:\/\/milanoluisshub.it\/wp-content\/uploads\/2019\/06\/27148952677_841f76550a_o.jpg","contentUrl":"https:\/\/milanoluisshub.it\/wp-content\/uploads\/2019\/06\/27148952677_841f76550a_o.jpg","width":2048,"height":1365},{"@type":"BreadcrumbList","@id":"https:\/\/milanoluisshub.it\/en\/chi-siamo\/#breadcrumb","itemListElement":[{"@type":"ListItem","position":1,"name":"Home","item":"https:\/\/milanoluisshub.it\/en\/"},{"@type":"ListItem","position":2,"name":"Chi siamo"}]},{"@type":"WebSite","@id":"https:\/\/milanoluisshub.it\/en\/#website","url":"https:\/\/milanoluisshub.it\/en\/","name":"Milano Luiss Hub","description":"Milano Luiss Hub","potentialAction":[{"@type":"SearchAction","target":{"@type":"EntryPoint","urlTemplate":"https:\/\/milanoluisshub.it\/en\/?s={search_term_string}"},"query-input":{"@type":"PropertyValueSpecification","valueRequired":true,"valueName":"search_term_string"}}],"inLanguage":"en-US"}]}},"mfb_rest_fields":["title","yoast_head","yoast_head_json"],"_links":{"self":[{"href":"https:\/\/milanoluisshub.it\/en\/wp-json\/wp\/v2\/pages\/3269","targetHints":{"allow":["GET"]}}],"collection":[{"href":"https:\/\/milanoluisshub.it\/en\/wp-json\/wp\/v2\/pages"}],"about":[{"href":"https:\/\/milanoluisshub.it\/en\/wp-json\/wp\/v2\/types\/page"}],"author":[{"embeddable":true,"href":"https:\/\/milanoluisshub.it\/en\/wp-json\/wp\/v2\/users\/5"}],"replies":[{"embeddable":true,"href":"https:\/\/milanoluisshub.it\/en\/wp-json\/wp\/v2\/comments?post=3269"}],"version-history":[{"count":0,"href":"https:\/\/milanoluisshub.it\/en\/wp-json\/wp\/v2\/pages\/3269\/revisions"}],"wp:featuredmedia":[{"embeddable":true,"href":"https:\/\/milanoluisshub.it\/en\/wp-json\/wp\/v2\/media\/3005"}],"wp:attachment":[{"href":"https:\/\/milanoluisshub.it\/en\/wp-json\/wp\/v2\/media?parent=3269"}],"curies":[{"name":"wp","href":"https:\/\/api.w.org\/{rel}","templated":true}]}}